{"id":1657,"date":"2013-11-27T08:36:58","date_gmt":"2013-11-27T08:36:58","guid":{"rendered":"http:\/\/themes.fitwp.com\/whisper\/?page_id=2"},"modified":"2017-12-16T12:47:03","modified_gmt":"2017-12-16T15:47:03","slug":"home","status":"publish","type":"page","link":"http:\/\/saulofernandes.com\/site\/","title":{"rendered":"Home"},"content":{"rendered":"<article class=\"note\">\n\t\t\t\t\t<div class=\"note-content\"><\/p>\n<h1 style=\"font-size: 36px !important; color: #ffaf32; margin: 10px 0 10px !important; line-height: 30px;\">Conhe\u00e7a nossos servi\u00e7os.<\/h1>\n<p>\n<\/div>\n\t\t\t\t<\/article>\n<div class=\"shortcode-portfolios\"><section class=\"grid_4 alpha\">\n\t\t\t\t\t<figure class=\"portfolio clearfix\">\n\t\t\t\t\t\t<div class=\"portfolio-image\">\n\t\t\t\t\t\t\t<a href=\"http:\/\/saulofernandes.com\/site\/portfolio\/dtm\/\"><img width=\"300\" height=\"176\" src=\"http:\/\/saulofernandes.com\/site\/wp-content\/uploads\/2020\/08\/2-300x176.png\" class=\"attachment-portfolio-thumbs size-portfolio-thumbs wp-post-image\" alt=\"\" loading=\"lazy\" \/><\/a>\n\n\t\t\t\t\t\t\t<div class=\"portfolio-hover\">\n\t\t\t\t\t\t\t\t<div class=\"mask\"><\/div>\n\t\t\t\t\t\t\t\t<ul>\n\t\t\t\t\t\t\t\t\t<li class=\"portfolio-zoom\">\n\t\t\t\t\t\t\t\t\t\t<a href=\"http:\/\/saulofernandes.com\/site\/wp-content\/uploads\/2020\/08\/2.png\" rel=\"prettyPhoto[pp_gallery]\" title=\"DTM\">&nbsp;<\/a>\n\t\t\t\t\t\t\t\t\t<\/li>\n\t\t\t\t\t\t\t\t\t<li class=\"portfolio-single\">\n\t\t\t\t\t\t\t\t\t\t<a href=\"http:\/\/saulofernandes.com\/site\/portfolio\/dtm\/\">&nbsp;<\/a>\n\t\t\t\t\t\t\t\t\t<\/li>\n\t\t\t\t\t\t\t\t<\/ul>\n\t\t\t\t\t\t\t<\/div>\n\t\t\t\t\t\t<\/div>\n\n\t\t\t\t\t\t<figcaption>\n\t\t\t\t\t\t\t<div class='portfolio-icon'><i class='serviceicon-write'><\/i><\/div>\n\t\t\t\t\t\t\t<div class=\"caption-title\">\n\t\t\t\t\t\t\t\t<p class=\"title\">DTM<\/p>\n\t\t\t\t\t\t\t\t<span class=\"subtitle\"><\/span>\n\t\t\t\t\t\t\t<\/div>\n\t\t\t\t\t\t<\/figcaption>\n\t\t\t\t\t<\/figure>\n\t\t\t\t<\/section><section class=\"grid_4\">\n\t\t\t\t\t<figure class=\"portfolio clearfix\">\n\t\t\t\t\t\t<div class=\"portfolio-image\">\n\t\t\t\t\t\t\t<a href=\"http:\/\/saulofernandes.com\/site\/portfolio\/odontologia-estetica\/\"><img width=\"300\" height=\"176\" src=\"http:\/\/saulofernandes.com\/site\/wp-content\/uploads\/2017\/12\/odontologia-est\u00e9tica-300x176.jpg\" class=\"attachment-portfolio-thumbs size-portfolio-thumbs wp-post-image\" alt=\"\" loading=\"lazy\" \/><\/a>\n\n\t\t\t\t\t\t\t<div class=\"portfolio-hover\">\n\t\t\t\t\t\t\t\t<div class=\"mask\"><\/div>\n\t\t\t\t\t\t\t\t<ul>\n\t\t\t\t\t\t\t\t\t<li class=\"portfolio-zoom\">\n\t\t\t\t\t\t\t\t\t\t<a href=\"http:\/\/saulofernandes.com\/site\/wp-content\/uploads\/2017\/12\/odontologia-est\u00e9tica.jpg\" rel=\"prettyPhoto[pp_gallery]\" title=\"Odontologia Est\u00e9tica\">&nbsp;<\/a>\n\t\t\t\t\t\t\t\t\t<\/li>\n\t\t\t\t\t\t\t\t\t<li class=\"portfolio-single\">\n\t\t\t\t\t\t\t\t\t\t<a href=\"http:\/\/saulofernandes.com\/site\/portfolio\/odontologia-estetica\/\">&nbsp;<\/a>\n\t\t\t\t\t\t\t\t\t<\/li>\n\t\t\t\t\t\t\t\t<\/ul>\n\t\t\t\t\t\t\t<\/div>\n\t\t\t\t\t\t<\/div>\n\n\t\t\t\t\t\t<figcaption>\n\t\t\t\t\t\t\t<div class='portfolio-icon'><i class='serviceicon-write'><\/i><\/div>\n\t\t\t\t\t\t\t<div class=\"caption-title\">\n\t\t\t\t\t\t\t\t<p class=\"title\">Odontologia Est\u00e9tica<\/p>\n\t\t\t\t\t\t\t\t<span class=\"subtitle\"><\/span>\n\t\t\t\t\t\t\t<\/div>\n\t\t\t\t\t\t<\/figcaption>\n\t\t\t\t\t<\/figure>\n\t\t\t\t<\/section><section class=\"grid_4 omega\">\n\t\t\t\t\t<figure class=\"portfolio clearfix\">\n\t\t\t\t\t\t<div class=\"portfolio-image\">\n\t\t\t\t\t\t\t<a href=\"http:\/\/saulofernandes.com\/site\/portfolio\/harmonizacao-orofacial\/\"><img width=\"300\" height=\"176\" src=\"http:\/\/saulofernandes.com\/site\/wp-content\/uploads\/2017\/12\/Harmoniza\u00e7\u00e3o-Orofacial-300x176.jpg\" class=\"attachment-portfolio-thumbs size-portfolio-thumbs wp-post-image\" alt=\"\" loading=\"lazy\" \/><\/a>\n\n\t\t\t\t\t\t\t<div class=\"portfolio-hover\">\n\t\t\t\t\t\t\t\t<div class=\"mask\"><\/div>\n\t\t\t\t\t\t\t\t<ul>\n\t\t\t\t\t\t\t\t\t<li class=\"portfolio-zoom\">\n\t\t\t\t\t\t\t\t\t\t<a href=\"http:\/\/saulofernandes.com\/site\/wp-content\/uploads\/2017\/12\/Harmoniza\u00e7\u00e3o-Orofacial.jpg\" rel=\"prettyPhoto[pp_gallery]\" title=\"Harmoniza\u00e7\u00e3o Orofacial\">&nbsp;<\/a>\n\t\t\t\t\t\t\t\t\t<\/li>\n\t\t\t\t\t\t\t\t\t<li class=\"portfolio-single\">\n\t\t\t\t\t\t\t\t\t\t<a href=\"http:\/\/saulofernandes.com\/site\/portfolio\/harmonizacao-orofacial\/\">&nbsp;<\/a>\n\t\t\t\t\t\t\t\t\t<\/li>\n\t\t\t\t\t\t\t\t<\/ul>\n\t\t\t\t\t\t\t<\/div>\n\t\t\t\t\t\t<\/div>\n\n\t\t\t\t\t\t<figcaption>\n\t\t\t\t\t\t\t<div class='portfolio-icon'><i class='serviceicon-write'><\/i><\/div>\n\t\t\t\t\t\t\t<div class=\"caption-title\">\n\t\t\t\t\t\t\t\t<p class=\"title\">Harmoniza\u00e7\u00e3o Orofacial<\/p>\n\t\t\t\t\t\t\t\t<span class=\"subtitle\"><\/span>\n\t\t\t\t\t\t\t<\/div>\n\t\t\t\t\t\t<\/figcaption>\n\t\t\t\t\t<\/figure>\n\t\t\t\t<\/section><\/div><\/div>\n<h4 style=\"color: #229e8e; font-size: 18px !important; font-weight: 100 !important; margin: 10px 0px !important; text-align: center;\"><a href=\"http:\/\/saulofernandes.com\/site\/servicos\/\">Ver todos os servi\u00e7os<\/a><\/h4>\n<div class=\"divider\"><\/div>\n<h1 style=\"font-size: 24px !important; color: #ffaf32;\">NOT\u00cdCIAS<\/h1>\n<p><div class='grid_ alpha'><div class=\"shortcode-posts\"><section class=\"section-title\"><h4><\/h4><\/section><div class=\"grid_4 post-2319 post type-post status-publish format-standard has-post-thumbnail hentry category-uncategorized clearfix  alpha\"><div class='post-formats-wrapper'><a class=\"post-image\" href=\"http:\/\/saulofernandes.com\/site\/disfuncao-temporomandibular\/\"><img width=\"300\" height=\"133\" src=\"http:\/\/saulofernandes.com\/site\/wp-content\/uploads\/2020\/08\/2-300x133.png\" class=\"attachment-boxes-post-thumbs size-boxes-post-thumbs wp-post-image\" alt=\"\" loading=\"lazy\" srcset=\"http:\/\/saulofernandes.com\/site\/wp-content\/uploads\/2020\/08\/2-300x133.png 300w, http:\/\/saulofernandes.com\/site\/wp-content\/uploads\/2020\/08\/2-620x274.png 620w\" sizes=\"(max-width: 300px) 100vw, 300px\" \/><\/a><\/div>\n<div class=\"post-body-container\">\n\t<a class='format-icon' href=''><i class='serviceicon-write'><\/i><\/a>\n\t<div class=\"post-body\">\n\t\t<h2 class=\"entry-title\"><a href=\"http:\/\/saulofernandes.com\/site\/disfuncao-temporomandibular\/\" title=\"Disfun\u00e7\u00e3o Temporomandibular (DTM)\" rel=\"bookmark\">Disfun\u00e7\u00e3o Temporomandibular (DTM)<\/a><\/h2>\t\t\t<ul class=\"post-meta clearfix\">\n\t\t\t\t\t<li>\n\t\t\t\t<time class=\"date updated\" datetime=\"2020-08-21T13:59:11-03:00\" pubdate>21\/08\/2020<\/time>\n\t\t\t<\/li>\n\t\t\t\t\t\t\t\t\t<li>\n\t\t\t\t<a href=\"http:\/\/saulofernandes.com\/site\/disfuncao-temporomandibular\/#respond\" class=\"comments-link\" >0 Coment\u00e1rios<\/a>\t\t\t<\/li>\n\t\t\t\t\t<\/ul>\n\t\t<div class=\"entry-summary\"><p>As disfun\u00e7\u00f5es da articula\u00e7\u00e3o temporomandibular (ATM) apresentam muitos sintomas. \u00c9 dif\u00edcil saber com certeza se voc\u00ea tem\u00a0Disfun\u00e7\u00e3o Temporomandibular\u00a0(DTM), uma vez que h\u00e1 um grande n\u00famero&hellip; <a href=\"http:\/\/saulofernandes.com\/site\/disfuncao-temporomandibular\/\" class=\"more-link\" title=\"Continuar lendo &quot;Disfun\u00e7\u00e3o Temporomandibular (DTM)&quot;\">Continuar Lendo<span>&gt;<\/span><\/a><\/p><\/div>\t\t\t<\/div>\n<\/div>\n\n<\/div><div class=\"grid_4 post-2303 post type-post status-publish format-standard has-post-thumbnail hentry category-uncategorized clearfix \"><div class='post-formats-wrapper'><a class=\"post-image\" href=\"http:\/\/saulofernandes.com\/site\/mitos-e-verdades-sobre-a-toxina-botulinica-botox\/\"><img width=\"300\" height=\"133\" src=\"http:\/\/saulofernandes.com\/site\/wp-content\/uploads\/2018\/12\/mito-botox-300x133.jpg\" class=\"attachment-boxes-post-thumbs size-boxes-post-thumbs wp-post-image\" alt=\"\" loading=\"lazy\" srcset=\"http:\/\/saulofernandes.com\/site\/wp-content\/uploads\/2018\/12\/mito-botox-300x133.jpg 300w, http:\/\/saulofernandes.com\/site\/wp-content\/uploads\/2018\/12\/mito-botox.jpg 620w\" sizes=\"(max-width: 300px) 100vw, 300px\" \/><\/a><\/div>\n<div class=\"post-body-container\">\n\t<a class='format-icon' href=''><i class='serviceicon-write'><\/i><\/a>\n\t<div class=\"post-body\">\n\t\t<h2 class=\"entry-title\"><a href=\"http:\/\/saulofernandes.com\/site\/mitos-e-verdades-sobre-a-toxina-botulinica-botox\/\" title=\"Mitos e Verdades sobre a Toxina Botul\u00ednica (Botox)\" rel=\"bookmark\">Mitos e Verdades sobre a Toxina Botul\u00ednica (Botox)<\/a><\/h2>\t\t\t<ul class=\"post-meta clearfix\">\n\t\t\t\t\t<li>\n\t\t\t\t<time class=\"date updated\" datetime=\"2018-12-06T08:55:12-03:00\" pubdate>06\/12\/2018<\/time>\n\t\t\t<\/li>\n\t\t\t\t\t\t\t\t\t<li>\n\t\t\t\t<a href=\"http:\/\/saulofernandes.com\/site\/mitos-e-verdades-sobre-a-toxina-botulinica-botox\/#respond\" class=\"comments-link\" >0 Coment\u00e1rios<\/a>\t\t\t<\/li>\n\t\t\t\t\t<\/ul>\n\t\t<div class=\"entry-summary\"><p>Apesar de muitas pessoas entenderem o Botox como sin\u00f4nimo de Toxina Botul\u00ednica, um n\u00e3o tem nada a ver com o outro. Botox \u00e9 apenas um&hellip; <a href=\"http:\/\/saulofernandes.com\/site\/mitos-e-verdades-sobre-a-toxina-botulinica-botox\/\" class=\"more-link\" title=\"Continuar lendo &quot;Mitos e Verdades sobre a Toxina Botul\u00ednica (Botox)&quot;\">Continuar Lendo<span>&gt;<\/span><\/a><\/p><\/div>\t\t\t<\/div>\n<\/div>\n\n<\/div><div class=\"grid_4 post-2265 post type-post status-publish format-standard has-post-thumbnail hentry category-dicas tag-clinica-odontologica-em-duque-de-caxias tag-dr-saulo-fernandes tag-prevencao-dos-dentes tag-prevencao-em-odontologia tag-prevencao-odontologica clearfix  omega\"><div class='post-formats-wrapper'><a class=\"post-image\" href=\"http:\/\/saulofernandes.com\/site\/veja-o-quanto-e-importante-a-prevencao-em-odontologia\/\"><img width=\"300\" height=\"133\" src=\"http:\/\/saulofernandes.com\/site\/wp-content\/uploads\/2017\/12\/preven\u00e7\u00e3o-300x133.jpg\" class=\"attachment-boxes-post-thumbs size-boxes-post-thumbs wp-post-image\" alt=\"\" loading=\"lazy\" srcset=\"http:\/\/saulofernandes.com\/site\/wp-content\/uploads\/2017\/12\/preven\u00e7\u00e3o-300x133.jpg 300w, http:\/\/saulofernandes.com\/site\/wp-content\/uploads\/2017\/12\/preven\u00e7\u00e3o.jpg 620w\" sizes=\"(max-width: 300px) 100vw, 300px\" \/><\/a><\/div>\n<div class=\"post-body-container\">\n\t<a class='format-icon' href=''><i class='serviceicon-write'><\/i><\/a>\n\t<div class=\"post-body\">\n\t\t<h2 class=\"entry-title\"><a href=\"http:\/\/saulofernandes.com\/site\/veja-o-quanto-e-importante-a-prevencao-em-odontologia\/\" title=\"Veja o quanto \u00e9 importante a preven\u00e7\u00e3o em odontologia\" rel=\"bookmark\">Veja o quanto \u00e9 importante a preven\u00e7\u00e3o em odontologia<\/a><\/h2>\t\t\t<ul class=\"post-meta clearfix\">\n\t\t\t\t\t<li>\n\t\t\t\t<time class=\"date updated\" datetime=\"2017-12-16T15:35:25-03:00\" pubdate>16\/12\/2017<\/time>\n\t\t\t<\/li>\n\t\t\t\t\t\t\t\t\t<li>\n\t\t\t\t<a href=\"http:\/\/saulofernandes.com\/site\/veja-o-quanto-e-importante-a-prevencao-em-odontologia\/#respond\" class=\"comments-link\" >0 Coment\u00e1rios<\/a>\t\t\t<\/li>\n\t\t\t\t\t<\/ul>\n\t\t<div class=\"entry-summary\"><p> <a href=\"http:\/\/saulofernandes.com\/site\/veja-o-quanto-e-importante-a-prevencao-em-odontologia\/\" class=\"more-link\" title=\"Continuar lendo &quot;Veja o quanto \u00e9 importante a preven\u00e7\u00e3o em odontologia&quot;\">Continuar Lendo<span>&gt;<\/span><\/a><\/p><\/div>\t\t\t<\/div>\n<\/div>\n\n<\/div><\/div>\n<\/div><br \/>\n<div class=\"divider\"><\/div><br \/>\n<div class='grid_ grid_2 alpha'><p><img loading=\"lazy\" class=\"alignnone size-full wp-image-2027\" alt=\"convenio-unimed\" src=\"http:\/\/saulofernandes.com\/site\/wp-content\/uploads\/2014\/04\/convenio-unimed.png\" width=\"140\" height=\"140\" srcset=\"http:\/\/saulofernandes.com\/site\/wp-content\/uploads\/2014\/04\/convenio-unimed.png 140w, http:\/\/saulofernandes.com\/site\/wp-content\/uploads\/2014\/04\/convenio-unimed-60x60.png 60w\" sizes=\"(max-width: 140px) 100vw, 140px\" \/><\/p>\n<\/div><\/p>\n<div class='grid_ grid_2'><p><img loading=\"lazy\" class=\"alignnone size-full wp-image-2038\" alt=\"convenio-amil\" src=\"http:\/\/saulofernandes.com\/site\/wp-content\/uploads\/2014\/04\/convenio-amil1.png\" width=\"140\" height=\"140\" \/><\/p>\n<\/div>\n<div class='grid_ grid_2'><p><img loading=\"lazy\" class=\"alignnone size-full wp-image-2037\" alt=\"convenio-bradesco\" src=\"http:\/\/saulofernandes.com\/site\/wp-content\/uploads\/2014\/04\/convenio-bradesco1.png\" width=\"140\" height=\"140\" \/><\/p>\n<\/div>\n<div class='grid_ grid_2'><p><img loading=\"lazy\" class=\"alignnone size-full wp-image-2033\" alt=\"convenio-porto-seguro\" src=\"http:\/\/saulofernandes.com\/site\/wp-content\/uploads\/2014\/04\/convenio-porto-seguro1.png\" width=\"140\" height=\"140\" \/><\/p>\n<\/div>\n<div class='grid_ grid_2'><p><img loading=\"lazy\" class=\"alignnone size-full wp-image-2028\" alt=\"convenio-sulamerica\" src=\"http:\/\/saulofernandes.com\/site\/wp-content\/uploads\/2014\/04\/convenio-sulamerica.png\" width=\"140\" height=\"140\" srcset=\"http:\/\/saulofernandes.com\/site\/wp-content\/uploads\/2014\/04\/convenio-sulamerica.png 140w, http:\/\/saulofernandes.com\/site\/wp-content\/uploads\/2014\/04\/convenio-sulamerica-60x60.png 60w\" sizes=\"(max-width: 140px) 100vw, 140px\" \/><\/p>\n<\/div>\n<div class='grid_ grid_2 omega'><p><img loading=\"lazy\" class=\"alignnone size-full wp-image-2036\" alt=\"convenio-interodonto\" src=\"http:\/\/saulofernandes.com\/site\/wp-content\/uploads\/2014\/04\/convenio-interodonto1.png\" width=\"140\" height=\"140\" \/><\/p>\n<\/div>\n<div class='grid_ grid_2 alpha'><p><img loading=\"lazy\" class=\"alignnone size-full wp-image-2035\" alt=\"convenio-metlife\" src=\"http:\/\/saulofernandes.com\/site\/wp-content\/uploads\/2014\/04\/convenio-metlife.png\" width=\"140\" height=\"140\" srcset=\"http:\/\/saulofernandes.com\/site\/wp-content\/uploads\/2014\/04\/convenio-metlife.png 140w, http:\/\/saulofernandes.com\/site\/wp-content\/uploads\/2014\/04\/convenio-metlife-60x60.png 60w\" sizes=\"(max-width: 140px) 100vw, 140px\" \/><\/p>\n<\/div>\n<div class='grid_ grid_2'><p><img loading=\"lazy\" class=\"alignnone size-full wp-image-2034\" alt=\"convenio-odonto-prev\" src=\"http:\/\/saulofernandes.com\/site\/wp-content\/uploads\/2014\/04\/convenio-odonto-prev.png\" width=\"140\" height=\"140\" srcset=\"http:\/\/saulofernandes.com\/site\/wp-content\/uploads\/2014\/04\/convenio-odonto-prev.png 140w, http:\/\/saulofernandes.com\/site\/wp-content\/uploads\/2014\/04\/convenio-odonto-prev-60x60.png 60w\" sizes=\"(max-width: 140px) 100vw, 140px\" \/><\/p>\n<\/div>\n<div class='grid_ grid_2'><p><img loading=\"lazy\" class=\"alignnone size-full wp-image-2030\" alt=\"convenio-sempre_odonto\" src=\"http:\/\/saulofernandes.com\/site\/wp-content\/uploads\/2014\/04\/convenio-sempre_odonto1.png\" width=\"140\" height=\"140\" \/><\/p>\n<\/div>\n<div class='grid_ grid_2'><p><img loading=\"lazy\" class=\"alignnone size-full wp-image-2029\" alt=\"convenio-sorriso\" src=\"http:\/\/saulofernandes.com\/site\/wp-content\/uploads\/2014\/04\/convenio-sorriso.png\" width=\"140\" height=\"140\" srcset=\"http:\/\/saulofernandes.com\/site\/wp-content\/uploads\/2014\/04\/convenio-sorriso.png 140w, http:\/\/saulofernandes.com\/site\/wp-content\/uploads\/2014\/04\/convenio-sorriso-60x60.png 60w\" sizes=\"(max-width: 140px) 100vw, 140px\" \/><\/p>\n<\/div>\n<div class='grid_ grid_2'><p><img loading=\"lazy\" class=\"alignnone size-full wp-image-2031\" alt=\"convenio-saude_total\" src=\"http:\/\/saulofernandes.com\/site\/wp-content\/uploads\/2014\/04\/convenio-saude_total.png\" width=\"140\" height=\"140\" srcset=\"http:\/\/saulofernandes.com\/site\/wp-content\/uploads\/2014\/04\/convenio-saude_total.png 140w, http:\/\/saulofernandes.com\/site\/wp-content\/uploads\/2014\/04\/convenio-saude_total-60x60.png 60w\" sizes=\"(max-width: 140px) 100vw, 140px\" \/><\/p>\n<\/div>\n<div class='grid_ grid_2 omega'><p><img loading=\"lazy\" class=\"alignnone size-full wp-image-2032\" alt=\"convenios-impao\" src=\"http:\/\/saulofernandes.com\/site\/wp-content\/uploads\/2014\/04\/convenios-impao.png\" width=\"140\" height=\"140\" srcset=\"http:\/\/saulofernandes.com\/site\/wp-content\/uploads\/2014\/04\/convenios-impao.png 140w, http:\/\/saulofernandes.com\/site\/wp-content\/uploads\/2014\/04\/convenios-impao-60x60.png 60w\" sizes=\"(max-width: 140px) 100vw, 140px\" \/><\/p>\n<\/div>\n<div class='grid_ grid_2 alpha'><p><img loading=\"lazy\" class=\"alignnone size-full wp-image-2089\" alt=\"convenio-goldencross\" src=\"http:\/\/saulofernandes.com\/site\/wp-content\/uploads\/2013\/11\/convenio-goldencross.png\" width=\"140\" height=\"140\" srcset=\"http:\/\/saulofernandes.com\/site\/wp-content\/uploads\/2013\/11\/convenio-goldencross.png 140w, http:\/\/saulofernandes.com\/site\/wp-content\/uploads\/2013\/11\/convenio-goldencross-60x60.png 60w\" sizes=\"(max-width: 140px) 100vw, 140px\" \/><\/p>\n<\/div>\n<div class='grid_ grid_2'><p><img loading=\"lazy\" class=\"alignnone size-full wp-image-2090\" alt=\"convenio-odonto-empresas\" src=\"http:\/\/saulofernandes.com\/site\/wp-content\/uploads\/2013\/11\/convenio-odonto-empresas.png\" width=\"140\" height=\"140\" srcset=\"http:\/\/saulofernandes.com\/site\/wp-content\/uploads\/2013\/11\/convenio-odonto-empresas.png 140w, http:\/\/saulofernandes.com\/site\/wp-content\/uploads\/2013\/11\/convenio-odonto-empresas-60x60.png 60w\" sizes=\"(max-width: 140px) 100vw, 140px\" \/><\/p>\n<\/div>\n<div class='grid_ grid_2'><p><img loading=\"lazy\" class=\"alignnone size-full wp-image-2088\" alt=\"convenio-belo\" src=\"http:\/\/saulofernandes.com\/site\/wp-content\/uploads\/2013\/11\/convenio-belo.png\" width=\"140\" height=\"140\" srcset=\"http:\/\/saulofernandes.com\/site\/wp-content\/uploads\/2013\/11\/convenio-belo.png 140w, http:\/\/saulofernandes.com\/site\/wp-content\/uploads\/2013\/11\/convenio-belo-60x60.png 60w\" sizes=\"(max-width: 140px) 100vw, 140px\" \/><\/p>\n<\/div>\n<div class='grid_ grid_2'><p><img loading=\"lazy\" class=\"alignnone size-full wp-image-2091\" alt=\"convenio-sepao\" src=\"http:\/\/saulofernandes.com\/site\/wp-content\/uploads\/2013\/11\/convenio-sepao.png\" width=\"140\" height=\"140\" srcset=\"http:\/\/saulofernandes.com\/site\/wp-content\/uploads\/2013\/11\/convenio-sepao.png 140w, http:\/\/saulofernandes.com\/site\/wp-content\/uploads\/2013\/11\/convenio-sepao-60x60.png 60w\" sizes=\"(max-width: 140px) 100vw, 140px\" \/><\/p>\n<\/div>\n<div class='grid_ grid_2'><\/div>\n<div class='grid_ grid_2 omega'><\/div>\n","protected":false},"excerpt":{"rendered":"<p>Ver todos os servi\u00e7os NOT\u00cdCIAS<\/p>\n","protected":false},"author":1,"featured_media":0,"parent":0,"menu_order":1,"comment_status":"open","ping_status":"closed","template":"","meta":[],"_links":{"self":[{"href":"http:\/\/saulofernandes.com\/site\/wp-json\/wp\/v2\/pages\/1657"}],"collection":[{"href":"http:\/\/saulofernandes.com\/site\/wp-json\/wp\/v2\/pages"}],"about":[{"href":"http:\/\/saulofernandes.com\/site\/wp-json\/wp\/v2\/types\/page"}],"author":[{"embeddable":true,"href":"http:\/\/saulofernandes.com\/site\/wp-json\/wp\/v2\/users\/1"}],"replies":[{"embeddable":true,"href":"http:\/\/saulofernandes.com\/site\/wp-json\/wp\/v2\/comments?post=1657"}],"version-history":[{"count":49,"href":"http:\/\/saulofernandes.com\/site\/wp-json\/wp\/v2\/pages\/1657\/revisions"}],"predecessor-version":[{"id":2257,"href":"http:\/\/saulofernandes.com\/site\/wp-json\/wp\/v2\/pages\/1657\/revisions\/2257"}],"wp:attachment":[{"href":"http:\/\/saulofernandes.com\/site\/wp-json\/wp\/v2\/media?parent=1657"}],"curies":[{"name":"wp","href":"https:\/\/api.w.org\/{rel}","templated":true}]}}