{"id":1762,"date":"2014-02-26T19:53:04","date_gmt":"2014-02-26T22:53:04","guid":{"rendered":"http:\/\/saulofernandes.com\/site\/?page_id=1762"},"modified":"2014-04-08T11:02:16","modified_gmt":"2014-04-08T14:02:16","slug":"nossa-estrutura","status":"publish","type":"page","link":"http:\/\/saulofernandes.com\/site\/nossa-estrutura\/","title":{"rendered":"Nossa Estrutura"},"content":{"rendered":"<div class='grid_6 alpha'><\/p>\n<h3 style=\"font-size: 24px !important; color: #ffaf32;\">Conhe\u00e7a nosso Espa\u00e7o<\/h3>\n<h4>Sejam bem-vindos a Cl\u00ednica Saulo Fernandes Odontologia Especializada. <\/h4>\n<p>Buscamos atender voce e sua fam\u00edlia sempre da melhor maneira, reunindo em um \u00fanico centro todas as especialidades odontol\u00f3gicas. Estamos localizados no bairro 25 de Agosto ( Duque de Caxias), no Centro Empresarial Jomasa com total infraestrutura e seguran\u00e7a.<\/p>\n<h4>Consult\u00f3rios<\/h4>\n<p>Equipamentos de alta tecnologia, espa\u00e7o amplo e agrad\u00e1vel, proporcionando um ambiente relaxante para voc\u00ea.<\/p>\n<h4>Central de Esteriliza\u00e7\u00e3o<\/h4>\n<p>De acordo com as normas da ANVISA, todo o instrumental \u00e9 previamente esterilizado por meio de autoclave.<\/p>\n<h4>Laborat\u00f3rio de Pr\u00f3tese <\/h4>\n<p>Integralizado a cl\u00ednica para maior agilidade e supervis\u00e3o dos trabalhos realizados.<\/p>\n<\/div>\n<div class='grid_6 omega'>\t\t\t<rs-module-wrap id=\"rev_slider_error_1_wrapper\">\n\t\t\t\t<rs-module id=\"rev_slider_error_1\">\n\t\t\t\t\t<div class=\"rs_error_message_box\">\n\t\t\t\t\t\t<div class=\"rs_error_message_oops\">Oops...<\/div>\n\t\t\t\t\t\t<div class=\"rs_error_message_content\">Slider with alias estrutura not found.<\/div>\n\t\t\t\t\t<\/div>\n\t\t\t\t<\/rs-module>\n\t\t\t<\/rs-module-wrap>\n\t\t\t<script type=\"text\/javascript\">\n\t\t\t\tvar rs_eslider = document.getElementById(\"rev_slider_error_1\");\n\t\t\t\trs_eslider.style.display = \"none\";\n\t\t\t\tconsole.log(\"Slider with alias estrutura not found.\");\n\t\t\t<\/script>\n\n<\/div><div class=\"clear\"><\/div>\n","protected":false},"excerpt":{"rendered":"","protected":false},"author":1,"featured_media":0,"parent":0,"menu_order":0,"comment_status":"open","ping_status":"closed","template":"","meta":[],"_links":{"self":[{"href":"http:\/\/saulofernandes.com\/site\/wp-json\/wp\/v2\/pages\/1762"}],"collection":[{"href":"http:\/\/saulofernandes.com\/site\/wp-json\/wp\/v2\/pages"}],"about":[{"href":"http:\/\/saulofernandes.com\/site\/wp-json\/wp\/v2\/types\/page"}],"author":[{"embeddable":true,"href":"http:\/\/saulofernandes.com\/site\/wp-json\/wp\/v2\/users\/1"}],"replies":[{"embeddable":true,"href":"http:\/\/saulofernandes.com\/site\/wp-json\/wp\/v2\/comments?post=1762"}],"version-history":[{"count":9,"href":"http:\/\/saulofernandes.com\/site\/wp-json\/wp\/v2\/pages\/1762\/revisions"}],"predecessor-version":[{"id":2094,"href":"http:\/\/saulofernandes.com\/site\/wp-json\/wp\/v2\/pages\/1762\/revisions\/2094"}],"wp:attachment":[{"href":"http:\/\/saulofernandes.com\/site\/wp-json\/wp\/v2\/media?parent=1762"}],"curies":[{"name":"wp","href":"https:\/\/api.w.org\/{rel}","templated":true}]}}