{"id":1848,"date":"2014-03-11T16:58:22","date_gmt":"2014-03-11T16:58:22","guid":{"rendered":"http:\/\/saulofernandes.com\/site\/?page_id=1848"},"modified":"2017-12-16T15:14:46","modified_gmt":"2017-12-16T18:14:46","slug":"agendar-consulta","status":"publish","type":"page","link":"http:\/\/saulofernandes.com\/site\/agendar-consulta\/","title":{"rendered":"Agendar Consulta"},"content":{"rendered":"<div class='grid_ grid_8 alpha alpha'><\/p>\n<h3 style=\"font-size: 24px !important; color: #ffaf32;\">Envie-nos sua solicita\u00e7\u00e3o<\/h3>\n<div role=\"form\" class=\"wpcf7\" id=\"wpcf7-f1871-o1\" lang=\"pt-BR\" dir=\"ltr\">\n<div class=\"screen-reader-response\"><p role=\"status\" aria-live=\"polite\" aria-atomic=\"true\"><\/p> <ul><\/ul><\/div>\n<form action=\"\/site\/wp-json\/wp\/v2\/pages\/1848#wpcf7-f1871-o1\" method=\"post\" class=\"wpcf7-form init\" novalidate=\"novalidate\" data-status=\"init\">\n<div style=\"display: none;\">\n<input type=\"hidden\" name=\"_wpcf7\" value=\"1871\" \/>\n<input type=\"hidden\" name=\"_wpcf7_version\" value=\"5.4.2\" \/>\n<input type=\"hidden\" name=\"_wpcf7_locale\" value=\"pt_BR\" \/>\n<input type=\"hidden\" name=\"_wpcf7_unit_tag\" value=\"wpcf7-f1871-o1\" \/>\n<input type=\"hidden\" name=\"_wpcf7_container_post\" value=\"0\" \/>\n<input type=\"hidden\" name=\"_wpcf7_posted_data_hash\" value=\"\" \/>\n<\/div>\n<h4>Dados Pessoais<\/h4>\n<p><span class=\"wpcf7-form-control-wrap nome\"><input type=\"text\" name=\"nome\" value=\"\" size=\"40\" class=\"wpcf7-form-control wpcf7-text wpcf7-validates-as-required\" aria-required=\"true\" aria-invalid=\"false\" placeholder=\"Nome\" \/><\/span>\n<span class=\"wpcf7-form-control-wrap nascimento\"><input type=\"text\" name=\"nascimento\" value=\"\" size=\"40\" class=\"wpcf7-form-control wpcf7-text wpcf7-validates-as-required\" aria-required=\"true\" aria-invalid=\"false\" placeholder=\"Data de Nascimento\" \/><\/span><\/p>\n<p><span class=\"wpcf7-form-control-wrap telefone\"><input type=\"text\" name=\"telefone\" value=\"\" size=\"40\" class=\"wpcf7-form-control wpcf7-text wpcf7-validates-as-required\" aria-required=\"true\" aria-invalid=\"false\" placeholder=\"Telefone\" \/><\/span>\n<span class=\"wpcf7-form-control-wrap email\"><input type=\"email\" name=\"email\" value=\"\" size=\"40\" class=\"wpcf7-form-control wpcf7-text wpcf7-email wpcf7-validates-as-required wpcf7-validates-as-email\" aria-required=\"true\" aria-invalid=\"false\" placeholder=\"E-mail\" \/><\/span><\/p>\n<p>Sexo: <span class=\"wpcf7-form-control-wrap sexo\"><select name=\"sexo\" class=\"wpcf7-form-control wpcf7-select wpcf7-validates-as-required\" aria-required=\"true\" aria-invalid=\"false\"><option value=\"Selecione\">Selecione<\/option><option value=\"Masculino\">Masculino<\/option><option value=\"Feminino\">Feminino<\/option><\/select><\/span><\/p>\n<h4>Dados da Consulta<\/h4>\n<p>Conv\u00eanios: <span class=\"wpcf7-form-control-wrap convenio\"><select name=\"convenio\" class=\"wpcf7-form-control wpcf7-select wpcf7-validates-as-required\" aria-required=\"true\" aria-invalid=\"false\"><option value=\"Selecione\">Selecione<\/option><option value=\"Unimed Odonto\">Unimed Odonto<\/option><option value=\"Amil Dental\">Amil Dental<\/option><option value=\"Bradesco Dental\">Bradesco Dental<\/option><option value=\"Porto Seguro\">Porto Seguro<\/option><option value=\"Sulamerica Odonto\">Sulamerica Odonto<\/option><option value=\"Interdonto\">Interdonto<\/option><option value=\"Metlife\">Metlife<\/option><option value=\"Odonto Prev\">Odonto Prev<\/option><option value=\"Sempre Odonto\">Sempre Odonto<\/option><option value=\"Sorriso\">Sorriso<\/option><option value=\"Sa\u00fade Total\">Sa\u00fade Total<\/option><option value=\"Impao Dental\">Impao Dental<\/option><option value=\"Goldental (Golden Cross)\">Goldental (Golden Cross)<\/option><option value=\"Rede Odonto Empresas\">Rede Odonto Empresas<\/option><option value=\"Belo Dente\">Belo Dente<\/option><option value=\"Sepao Assist\">Sepao Assist<\/option><\/select><\/span><\/p>\n<p>Tratamento: <span class=\"wpcf7-form-control-wrap tratamento\"><select name=\"tratamento\" class=\"wpcf7-form-control wpcf7-select wpcf7-validates-as-required\" aria-required=\"true\" aria-invalid=\"false\"><option value=\"Selecione\">Selecione<\/option><option value=\"Periodontia\">Periodontia<\/option><option value=\"Pr\u00f3tese\">Pr\u00f3tese<\/option><option value=\"Trat. Endodontico Sess\u00e3o \u00danica\">Trat. Endodontico Sess\u00e3o \u00danica<\/option><option value=\"Prog. de Tratamento Periodontal\">Prog. de Tratamento Periodontal<\/option><option value=\"Trat. Odontol\u00f3gico com Seda\u00e7\u00e3o\">Trat. Odontol\u00f3gico com Seda\u00e7\u00e3o<\/option><option value=\"Spa Odontol\u00f3gico\">Spa Odontol\u00f3gico<\/option><option value=\"Endodontia\">Endodontia<\/option><option value=\"Clinica Geral\">Clinica Geral<\/option><option value=\"Ortodontia\">Ortodontia<\/option><option value=\"Implantodontia\">Implantodontia<\/option><\/select><\/span><\/p>\n<p><span class=\"wpcf7-form-control-wrap observacoes\"><textarea name=\"observacoes\" cols=\"40\" rows=\"10\" class=\"wpcf7-form-control wpcf7-textarea\" aria-invalid=\"false\" placeholder=\"Observa\u00e7\u00f5es\"><\/textarea><\/span><\/p>\n<p><input type=\"submit\" value=\"Enviar\" class=\"wpcf7-form-control wpcf7-submit\" \/><\/p>\n<div class=\"wpcf7-response-output\" aria-hidden=\"true\"><\/div><\/form><\/div>\n<\/div>\n<div class='grid_ grid_4 omega'><\/p>\n<h3 style=\"font-size: 24px !important; color: #ffaf32;\">Entre em contato<\/h3>\n<ul class=\"contact-info\">\n<li><span class=\"text-color\"><i class='serviceicon-phone' style='font-size:20px'><\/i><\/span> (21)3848-3083 \u2022 98598-0800 <img loading=\"lazy\" src=\"http:\/\/icons.iconarchive.com\/icons\/dtafalonso\/android-l\/256\/WhatsApp-icon.png\" width=\"16\" height=\"16\"\/><\/li>\n<li><span class=\"text-color\"><i class='serviceicon-mail' style='font-size:20px'><\/i><\/span> <a href=\"mailto:contato@saulofernandes.com\">contato@saulofernandes.com<\/a><\/li>\n<li><span class=\"text-color\"><i class='serviceicon-map' style='font-size:20px'><\/i><\/span> Rua Marechal Deodoro, 557 \/ Sala 906\nJd. 25 de Agosto, Duque de Caxias &#8211; RJ\nCEP 25071-190<\/li>\n<\/ul>\n<p>\n<\/div>\n","protected":false},"excerpt":{"rendered":"","protected":false},"author":1,"featured_media":0,"parent":0,"menu_order":0,"comment_status":"open","ping_status":"open","template":"","meta":[],"_links":{"self":[{"href":"http:\/\/saulofernandes.com\/site\/wp-json\/wp\/v2\/pages\/1848"}],"collection":[{"href":"http:\/\/saulofernandes.com\/site\/wp-json\/wp\/v2\/pages"}],"about":[{"href":"http:\/\/saulofernandes.com\/site\/wp-json\/wp\/v2\/types\/page"}],"author":[{"embeddable":true,"href":"http:\/\/saulofernandes.com\/site\/wp-json\/wp\/v2\/users\/1"}],"replies":[{"embeddable":true,"href":"http:\/\/saulofernandes.com\/site\/wp-json\/wp\/v2\/comments?post=1848"}],"version-history":[{"count":15,"href":"http:\/\/saulofernandes.com\/site\/wp-json\/wp\/v2\/pages\/1848\/revisions"}],"predecessor-version":[{"id":2260,"href":"http:\/\/saulofernandes.com\/site\/wp-json\/wp\/v2\/pages\/1848\/revisions\/2260"}],"wp:attachment":[{"href":"http:\/\/saulofernandes.com\/site\/wp-json\/wp\/v2\/media?parent=1848"}],"curies":[{"name":"wp","href":"https:\/\/api.w.org\/{rel}","templated":true}]}}