{"id":2070,"date":"2014-04-04T15:48:53","date_gmt":"2014-04-04T18:48:53","guid":{"rendered":"http:\/\/saulofernandes.com\/site\/?page_id=2070"},"modified":"2017-12-15T19:12:49","modified_gmt":"2017-12-15T22:12:49","slug":"casos-clinicos","status":"publish","type":"page","link":"http:\/\/saulofernandes.com\/site\/casos-clinicos\/","title":{"rendered":"Casos Cl\u00ednicos"},"content":{"rendered":"<div class=\"fitsc-tabs fitsc-vertical\">\n\t\t\t\t<ul class=\"fitsc-nav\"><li class=\"fitsc-active\"><a href=\"#\">Pr\u00f3tese total caracterizada<\/a><\/li><li><a href=\"#\">Coroa total em cer\u00e2mica pura<\/a><\/li><li><a href=\"#\">Provis\u00f3rio Imediato com Resina Bisacrilica<\/a><\/li><li><a href=\"#\">Instala\u00e7\u00e3o de Implante com Provisionaliza\u00e7\u00e3o Imediata<\/a><\/li><li><a href=\"#\">Cirurgia Pl\u00e1stica Periodontal (Sorriso Gengival)<\/a><\/li><li><a href=\"#\">Pr\u00f3tese Parcial Fixa<\/a><\/li><li><a href=\"#\">Provis\u00f3rio Imediato de Pr\u00f3tese Parcial Fixa<\/a><\/li><li><a href=\"#\">Pr\u00f3tese Total Imediata ap\u00f3s Exodontias<\/a><\/li><\/ul>\n\t\t\t\t<div class=\"fitsc-content\"><div class=\"fitsc-tab fitsc-active\"><p><iframe loading=\"lazy\" style=\"border: none; overflow: hidden;\" src=\"https:\/\/web.facebook.com\/plugins\/video.php?href=https%3A%2F%2Fweb.facebook.com%2Fclinicasaulofernandes%2Fvideos%2F1329180810524906%2F&amp;amp;show_text=0&amp;amp;width=476\" height=\"476\" width=\"476\" allowfullscreen=\"true\" frameborder=\"0\" scrolling=\"no\"><\/iframe><\/p>\n<\/div><div class=\"fitsc-tab\"><p><a href=\"http:\/\/saulofernandes.com\/site\/wp-content\/uploads\/2017\/12\/caso-cl\u00ednico-Coroa-total-em-cer\u00e2mica-pura.jpg\"><img loading=\"lazy\" class=\"alignnone size-full wp-image-2246\" alt=\"caso cl\u00ednico - Coroa total em cer\u00e2mica pura\" src=\"http:\/\/saulofernandes.com\/site\/wp-content\/uploads\/2017\/12\/caso-cl\u00ednico-Coroa-total-em-cer\u00e2mica-pura.jpg\" width=\"500\" height=\"462\" srcset=\"http:\/\/saulofernandes.com\/site\/wp-content\/uploads\/2017\/12\/caso-cl\u00ednico-Coroa-total-em-cer\u00e2mica-pura.jpg 500w, http:\/\/saulofernandes.com\/site\/wp-content\/uploads\/2017\/12\/caso-cl\u00ednico-Coroa-total-em-cer\u00e2mica-pura-300x277.jpg 300w\" sizes=\"(max-width: 500px) 100vw, 500px\" \/><\/a><\/p>\n<\/div><div class=\"fitsc-tab\"><p><iframe loading=\"lazy\" src=\"https:\/\/web.facebook.com\/plugins\/video.php?href=https%3A%2F%2Fweb.facebook.com%2Fclinicasaulofernandes%2Fvideos%2F1368832583226395%2F&#038;show_text=0&#038;width=357\" width=\"357\" height=\"476\" style=\"border:none;overflow:hidden\" scrolling=\"no\" frameborder=\"0\" allowTransparency=\"true\" allowFullScreen=\"true\"><\/iframe><\/p>\n<\/div><div class=\"fitsc-tab\"><p><iframe loading=\"lazy\" src=\"https:\/\/web.facebook.com\/plugins\/video.php?href=https%3A%2F%2Fweb.facebook.com%2Fclinicasaulofernandes%2Fvideos%2F1360055847437402%2F&#038;show_text=0&#038;width=476\" width=\"476\" height=\"476\" style=\"border:none;overflow:hidden\" scrolling=\"no\" frameborder=\"0\" allowTransparency=\"true\" allowFullScreen=\"true\"><\/iframe><\/p>\n<\/div><div class=\"fitsc-tab\"><p><iframe loading=\"lazy\" src=\"https:\/\/web.facebook.com\/plugins\/video.php?href=https%3A%2F%2Fweb.facebook.com%2Fclinicasaulofernandes%2Fvideos%2F1320304151412572%2F&#038;show_text=0&#038;width=476\" width=\"476\" height=\"476\" style=\"border:none;overflow:hidden\" scrolling=\"no\" frameborder=\"0\" allowTransparency=\"true\" allowFullScreen=\"true\"><\/iframe><\/p>\n<\/div><div class=\"fitsc-tab\"><p><iframe loading=\"lazy\" src=\"https:\/\/web.facebook.com\/plugins\/video.php?href=https%3A%2F%2Fweb.facebook.com%2Fclinicasaulofernandes%2Fvideos%2F1349676745141979%2F&#038;show_text=0&#038;width=476\" width=\"476\" height=\"476\" style=\"border:none;overflow:hidden\" scrolling=\"no\" frameborder=\"0\" allowTransparency=\"true\" allowFullScreen=\"true\"><\/iframe><\/p>\n<\/div><div class=\"fitsc-tab\"><p><iframe loading=\"lazy\" src=\"https:\/\/web.facebook.com\/plugins\/video.php?href=https%3A%2F%2Fweb.facebook.com%2Fclinicasaulofernandes%2Fvideos%2F1345846252191695%2F&#038;show_text=0&#038;width=476\" width=\"476\" height=\"476\" style=\"border:none;overflow:hidden\" scrolling=\"no\" frameborder=\"0\" allowTransparency=\"true\" allowFullScreen=\"true\"><\/iframe><\/p>\n<\/div><div class=\"fitsc-tab\"><p><iframe loading=\"lazy\" src=\"https:\/\/web.facebook.com\/plugins\/video.php?href=https%3A%2F%2Fweb.facebook.com%2Fclinicasaulofernandes%2Fvideos%2F1402430289866624%2F&#038;show_text=0&#038;width=560\" width=\"560\" height=\"315\" style=\"border:none;overflow:hidden\" scrolling=\"no\" frameborder=\"0\" allowTransparency=\"true\" allowFullScreen=\"true\"><\/iframe><\/p>\n<\/div><\/div>\n\t\t\t<\/div>\n","protected":false},"excerpt":{"rendered":"","protected":false},"author":1,"featured_media":0,"parent":0,"menu_order":0,"comment_status":"open","ping_status":"open","template":"","meta":[],"_links":{"self":[{"href":"http:\/\/saulofernandes.com\/site\/wp-json\/wp\/v2\/pages\/2070"}],"collection":[{"href":"http:\/\/saulofernandes.com\/site\/wp-json\/wp\/v2\/pages"}],"about":[{"href":"http:\/\/saulofernandes.com\/site\/wp-json\/wp\/v2\/types\/page"}],"author":[{"embeddable":true,"href":"http:\/\/saulofernandes.com\/site\/wp-json\/wp\/v2\/users\/1"}],"replies":[{"embeddable":true,"href":"http:\/\/saulofernandes.com\/site\/wp-json\/wp\/v2\/comments?post=2070"}],"version-history":[{"count":15,"href":"http:\/\/saulofernandes.com\/site\/wp-json\/wp\/v2\/pages\/2070\/revisions"}],"predecessor-version":[{"id":2250,"href":"http:\/\/saulofernandes.com\/site\/wp-json\/wp\/v2\/pages\/2070\/revisions\/2250"}],"wp:attachment":[{"href":"http:\/\/saulofernandes.com\/site\/wp-json\/wp\/v2\/media?parent=2070"}],"curies":[{"name":"wp","href":"https:\/\/api.w.org\/{rel}","templated":true}]}}